{"id":836,"date":"2009-06-19T14:42:59","date_gmt":"2009-06-19T18:42:59","guid":{"rendered":"http:\/\/www.florentinefilms.com\/sherman\/strings-without-borders\/"},"modified":"2009-06-19T14:42:59","modified_gmt":"2009-06-19T18:42:59","slug":"strings-without-borders","status":"publish","type":"page","link":"https:\/\/www.florentinefilms.com\/sherman\/films\/strings-without-borders\/","title":{"rendered":"Strings Without Borders"},"content":{"rendered":"<p>In this planned cin\u00e9ma v\u00e9rit\u00e9 documentary, viewers witness Pierre Bensusan\u2019s creative process\u2014on the road in New York, Aspen, Paris, and Dublin, in scenes shot backstage, on the streets, in concert, and with friends like legendary guitarists Steve Vai, Bobby Thomas Jr. of Weather Report, Ry Cooder, and others. We\u2019ll see rare footage, including shots of Pierre playing a mind-blowing duet with the late finger-style great Michael Hedges. Our cameras are behind the scenes with the masters as they discuss set lists, work out solos and harmonies, and trade licks.<\/p>\n<p>Bensusan has recorded ten albums\u2014six with Rounder Records, three with Favored Nations\u2014and an anthology. In 2002, <em>Intuite<\/em> was named Best Acoustic Instrumental Album as well as Guitar Album of the Year by the Association for Independent Music. John Kelman, writing in <em>All About Jazz,<\/em> sums it up this way: &#8220;Bensusan\u2019s remarkable technical ability has never been in question, but it\u2019s the sheer musicality and lyricism of his body of work that has cemented his position as one of the most accomplished acoustic guitarists on the planet.&#8221;<\/p>\n<p><em>Strings Without Borders<\/em> allows viewers an intimate window on the life of this dedicated and prolific musician.<\/p>\n<p>\n<object classid=\"clsid:d27cdb6e-ae6d-11cf-96b8-444553540000\" width=\"504\" height=\"290\" codebase=\"http:\/\/download.macromedia.com\/pub\/shockwave\/cabs\/flash\/swflash.cab#version=6,0,40,0\"><param name=\"allowfullscreen\" value=\"true\" \/><param name=\"allowscriptaccess\" value=\"always\" \/><param name=\"src\" value=\"http:\/\/vimeo.com\/moogaloop.swf?clip_id=5235426&amp;server=vimeo.com&amp;show_title=0&amp;show_byline=0&amp;show_portrait=0&amp;color=dfb722&amp;fullscreen=1\" \/><embed type=\"application\/x-shockwave-flash\" width=\"504\" height=\"290\" src=\"http:\/\/vimeo.com\/moogaloop.swf?clip_id=5235426&amp;server=vimeo.com&amp;show_title=0&amp;show_byline=0&amp;show_portrait=0&amp;color=dfb722&amp;fullscreen=1\" allowscriptaccess=\"always\" allowfullscreen=\"true\"><\/embed><\/object><\/p>\n","protected":false},"excerpt":{"rendered":"<p>In this planned cin\u00e9ma v\u00e9rit\u00e9 documentary, viewers witness Pierre Bensusan\u2019s creative process\u2014on the road in New York, Aspen, Paris, and Dublin, in scenes shot backstage, on the streets, in concert, and with friends like legendary guitarists Steve Vai, Bobby Thomas Jr. of Weather Report, Ry Cooder, and others. We\u2019ll see rare footage, including shots of [&hellip;]<\/p>\n","protected":false},"author":1,"featured_media":0,"parent":2622,"menu_order":7,"comment_status":"open","ping_status":"open","template":"page-full.php","meta":{"_et_pb_use_builder":"","_et_pb_old_content":"","_et_gb_content_width":"","om_disable_all_campaigns":false,"inline_featured_image":false,"_monsterinsights_skip_tracking":false,"_monsterinsights_sitenote_active":false,"_monsterinsights_sitenote_note":"","_monsterinsights_sitenote_category":0,"_uf_show_specific_survey":0,"_uf_disable_surveys":false,"footnotes":""},"class_list":["post-836","page","type-page","status-publish","hentry"],"yoast_head":"<!-- This site is optimized with the Yoast SEO plugin v27.4 - https:\/\/yoast.com\/product\/yoast-seo-wordpress\/ -->\n<title>Strings Without Borders - FlorentineFilms.com\/Sherman<\/title>\n<meta name=\"robots\" content=\"index, follow, max-snippet:-1, max-image-preview:large, max-video-preview:-1\" \/>\n<link rel=\"canonical\" href=\"https:\/\/www.florentinefilms.com\/sherman\/films\/strings-without-borders\/\" \/>\n<meta property=\"og:locale\" content=\"en_US\" \/>\n<meta property=\"og:type\" content=\"article\" \/>\n<meta property=\"og:title\" content=\"Strings Without Borders - FlorentineFilms.com\/Sherman\" \/>\n<meta property=\"og:description\" content=\"In this planned cin\u00e9ma v\u00e9rit\u00e9 documentary, viewers witness Pierre Bensusan\u2019s creative process\u2014on the road in New York, Aspen, Paris, and Dublin, in scenes shot backstage, on the streets, in concert, and with friends like legendary guitarists Steve Vai, Bobby Thomas Jr. of Weather Report, Ry Cooder, and others. We\u2019ll see rare footage, including shots of [&hellip;]\" \/>\n<meta property=\"og:url\" content=\"https:\/\/www.florentinefilms.com\/sherman\/films\/strings-without-borders\/\" \/>\n<meta property=\"og:site_name\" content=\"FlorentineFilms.com\/Sherman\" \/>\n<meta property=\"article:publisher\" content=\"https:\/\/www.facebook.com\/roger.sherman.7505\" \/>\n<meta name=\"twitter:card\" content=\"summary_large_image\" \/>\n<meta name=\"twitter:site\" content=\"@RogerMSherman\" \/>\n<meta name=\"twitter:label1\" content=\"Est. reading time\" \/>\n\t<meta name=\"twitter:data1\" content=\"1 minute\" \/>\n<script type=\"application\/ld+json\" class=\"yoast-schema-graph\">{\"@context\":\"https:\\\/\\\/schema.org\",\"@graph\":[{\"@type\":\"WebPage\",\"@id\":\"https:\\\/\\\/www.florentinefilms.com\\\/sherman\\\/films\\\/strings-without-borders\\\/\",\"url\":\"https:\\\/\\\/www.florentinefilms.com\\\/sherman\\\/films\\\/strings-without-borders\\\/\",\"name\":\"Strings Without Borders - FlorentineFilms.com\\\/Sherman\",\"isPartOf\":{\"@id\":\"https:\\\/\\\/www.florentinefilms.com\\\/sherman\\\/#website\"},\"datePublished\":\"2009-06-19T18:42:59+00:00\",\"breadcrumb\":{\"@id\":\"https:\\\/\\\/www.florentinefilms.com\\\/sherman\\\/films\\\/strings-without-borders\\\/#breadcrumb\"},\"inLanguage\":\"en-US\",\"potentialAction\":[{\"@type\":\"ReadAction\",\"target\":[\"https:\\\/\\\/www.florentinefilms.com\\\/sherman\\\/films\\\/strings-without-borders\\\/\"]}]},{\"@type\":\"BreadcrumbList\",\"@id\":\"https:\\\/\\\/www.florentinefilms.com\\\/sherman\\\/films\\\/strings-without-borders\\\/#breadcrumb\",\"itemListElement\":[{\"@type\":\"ListItem\",\"position\":1,\"name\":\"Home\",\"item\":\"https:\\\/\\\/www.florentinefilms.com\\\/sherman\\\/\"},{\"@type\":\"ListItem\",\"position\":2,\"name\":\"Film\",\"item\":\"https:\\\/\\\/www.florentinefilms.com\\\/sherman\\\/films\\\/\"},{\"@type\":\"ListItem\",\"position\":3,\"name\":\"Strings Without Borders\"}]},{\"@type\":\"WebSite\",\"@id\":\"https:\\\/\\\/www.florentinefilms.com\\\/sherman\\\/#website\",\"url\":\"https:\\\/\\\/www.florentinefilms.com\\\/sherman\\\/\",\"name\":\"FlorentineFilms.com\\\/Sherman\",\"description\":\"Roger Sherman&#039;s website with films, photography, book, blog\",\"publisher\":{\"@id\":\"https:\\\/\\\/www.florentinefilms.com\\\/sherman\\\/#organization\"},\"potentialAction\":[{\"@type\":\"SearchAction\",\"target\":{\"@type\":\"EntryPoint\",\"urlTemplate\":\"https:\\\/\\\/www.florentinefilms.com\\\/sherman\\\/?s={search_term_string}\"},\"query-input\":{\"@type\":\"PropertyValueSpecification\",\"valueRequired\":true,\"valueName\":\"search_term_string\"}}],\"inLanguage\":\"en-US\"},{\"@type\":\"Organization\",\"@id\":\"https:\\\/\\\/www.florentinefilms.com\\\/sherman\\\/#organization\",\"name\":\"Florentine Films\\\/Sherman Pictures\",\"url\":\"https:\\\/\\\/www.florentinefilms.com\\\/sherman\\\/\",\"logo\":{\"@type\":\"ImageObject\",\"inLanguage\":\"en-US\",\"@id\":\"https:\\\/\\\/www.florentinefilms.com\\\/sherman\\\/#\\\/schema\\\/logo\\\/image\\\/\",\"url\":\"https:\\\/\\\/www.florentinefilms.com\\\/sherman\\\/wp-content\\\/uploads\\\/2020\\\/10\\\/IC-RS-w-camera5-2-1024x920.jpg\",\"contentUrl\":\"https:\\\/\\\/www.florentinefilms.com\\\/sherman\\\/wp-content\\\/uploads\\\/2020\\\/10\\\/IC-RS-w-camera5-2-1024x920.jpg\",\"width\":1024,\"height\":920,\"caption\":\"Florentine Films\\\/Sherman Pictures\"},\"image\":{\"@id\":\"https:\\\/\\\/www.florentinefilms.com\\\/sherman\\\/#\\\/schema\\\/logo\\\/image\\\/\"},\"sameAs\":[\"https:\\\/\\\/www.facebook.com\\\/roger.sherman.7505\",\"https:\\\/\\\/x.com\\\/RogerMSherman\",\"https:\\\/\\\/www.linkedin.com\\\/in\\\/shermanroger\\\/\",\"https:\\\/\\\/en.wikipedia.org\\\/wiki\\\/Roger_Sherman_(filmmaker)\"]}]}<\/script>\n<!-- \/ Yoast SEO plugin. -->","yoast_head_json":{"title":"Strings Without Borders - FlorentineFilms.com\/Sherman","robots":{"index":"index","follow":"follow","max-snippet":"max-snippet:-1","max-image-preview":"max-image-preview:large","max-video-preview":"max-video-preview:-1"},"canonical":"https:\/\/www.florentinefilms.com\/sherman\/films\/strings-without-borders\/","og_locale":"en_US","og_type":"article","og_title":"Strings Without Borders - FlorentineFilms.com\/Sherman","og_description":"In this planned cin\u00e9ma v\u00e9rit\u00e9 documentary, viewers witness Pierre Bensusan\u2019s creative process\u2014on the road in New York, Aspen, Paris, and Dublin, in scenes shot backstage, on the streets, in concert, and with friends like legendary guitarists Steve Vai, Bobby Thomas Jr. of Weather Report, Ry Cooder, and others. We\u2019ll see rare footage, including shots of [&hellip;]","og_url":"https:\/\/www.florentinefilms.com\/sherman\/films\/strings-without-borders\/","og_site_name":"FlorentineFilms.com\/Sherman","article_publisher":"https:\/\/www.facebook.com\/roger.sherman.7505","twitter_card":"summary_large_image","twitter_site":"@RogerMSherman","twitter_misc":{"Est. reading time":"1 minute"},"schema":{"@context":"https:\/\/schema.org","@graph":[{"@type":"WebPage","@id":"https:\/\/www.florentinefilms.com\/sherman\/films\/strings-without-borders\/","url":"https:\/\/www.florentinefilms.com\/sherman\/films\/strings-without-borders\/","name":"Strings Without Borders - FlorentineFilms.com\/Sherman","isPartOf":{"@id":"https:\/\/www.florentinefilms.com\/sherman\/#website"},"datePublished":"2009-06-19T18:42:59+00:00","breadcrumb":{"@id":"https:\/\/www.florentinefilms.com\/sherman\/films\/strings-without-borders\/#breadcrumb"},"inLanguage":"en-US","potentialAction":[{"@type":"ReadAction","target":["https:\/\/www.florentinefilms.com\/sherman\/films\/strings-without-borders\/"]}]},{"@type":"BreadcrumbList","@id":"https:\/\/www.florentinefilms.com\/sherman\/films\/strings-without-borders\/#breadcrumb","itemListElement":[{"@type":"ListItem","position":1,"name":"Home","item":"https:\/\/www.florentinefilms.com\/sherman\/"},{"@type":"ListItem","position":2,"name":"Film","item":"https:\/\/www.florentinefilms.com\/sherman\/films\/"},{"@type":"ListItem","position":3,"name":"Strings Without Borders"}]},{"@type":"WebSite","@id":"https:\/\/www.florentinefilms.com\/sherman\/#website","url":"https:\/\/www.florentinefilms.com\/sherman\/","name":"FlorentineFilms.com\/Sherman","description":"Roger Sherman&#039;s website with films, photography, book, blog","publisher":{"@id":"https:\/\/www.florentinefilms.com\/sherman\/#organization"},"potentialAction":[{"@type":"SearchAction","target":{"@type":"EntryPoint","urlTemplate":"https:\/\/www.florentinefilms.com\/sherman\/?s={search_term_string}"},"query-input":{"@type":"PropertyValueSpecification","valueRequired":true,"valueName":"search_term_string"}}],"inLanguage":"en-US"},{"@type":"Organization","@id":"https:\/\/www.florentinefilms.com\/sherman\/#organization","name":"Florentine Films\/Sherman Pictures","url":"https:\/\/www.florentinefilms.com\/sherman\/","logo":{"@type":"ImageObject","inLanguage":"en-US","@id":"https:\/\/www.florentinefilms.com\/sherman\/#\/schema\/logo\/image\/","url":"https:\/\/www.florentinefilms.com\/sherman\/wp-content\/uploads\/2020\/10\/IC-RS-w-camera5-2-1024x920.jpg","contentUrl":"https:\/\/www.florentinefilms.com\/sherman\/wp-content\/uploads\/2020\/10\/IC-RS-w-camera5-2-1024x920.jpg","width":1024,"height":920,"caption":"Florentine Films\/Sherman Pictures"},"image":{"@id":"https:\/\/www.florentinefilms.com\/sherman\/#\/schema\/logo\/image\/"},"sameAs":["https:\/\/www.facebook.com\/roger.sherman.7505","https:\/\/x.com\/RogerMSherman","https:\/\/www.linkedin.com\/in\/shermanroger\/","https:\/\/en.wikipedia.org\/wiki\/Roger_Sherman_(filmmaker)"]}]}},"_links":{"self":[{"href":"https:\/\/www.florentinefilms.com\/sherman\/wp-json\/wp\/v2\/pages\/836","targetHints":{"allow":["GET"]}}],"collection":[{"href":"https:\/\/www.florentinefilms.com\/sherman\/wp-json\/wp\/v2\/pages"}],"about":[{"href":"https:\/\/www.florentinefilms.com\/sherman\/wp-json\/wp\/v2\/types\/page"}],"author":[{"embeddable":true,"href":"https:\/\/www.florentinefilms.com\/sherman\/wp-json\/wp\/v2\/users\/1"}],"replies":[{"embeddable":true,"href":"https:\/\/www.florentinefilms.com\/sherman\/wp-json\/wp\/v2\/comments?post=836"}],"version-history":[{"count":0,"href":"https:\/\/www.florentinefilms.com\/sherman\/wp-json\/wp\/v2\/pages\/836\/revisions"}],"up":[{"embeddable":true,"href":"https:\/\/www.florentinefilms.com\/sherman\/wp-json\/wp\/v2\/pages\/2622"}],"wp:attachment":[{"href":"https:\/\/www.florentinefilms.com\/sherman\/wp-json\/wp\/v2\/media?parent=836"}],"curies":[{"name":"wp","href":"https:\/\/api.w.org\/{rel}","templated":true}]}}